{"id":5664,"date":"2020-01-06T14:15:05","date_gmt":"2020-01-06T13:15:05","guid":{"rendered":"https:\/\/www.arhomes.se\/sakums\/"},"modified":"2024-05-22T10:24:37","modified_gmt":"2024-05-22T08:24:37","slug":"sakums","status":"publish","type":"page","link":"https:\/\/www.arhomes.se\/lv\/","title":{"rendered":"S\u0101kums"},"content":{"rendered":"<p><div class=\"fusion-fullwidth fullwidth-box fusion-builder-row-1 fusion-flex-container fusion-parallax-none hundred-percent-fullwidth non-hundred-percent-height-scrolling\" style=\"--awb-border-radius-top-left:0px;--awb-border-radius-top-right:0px;--awb-border-radius-bottom-right:0px;--awb-border-radius-bottom-left:0px;--awb-padding-right:0px;--awb-padding-left:0px;--awb-min-height:70vh;--awb-background-image:url(&quot;https:\/\/www.arhomes.se\/wp-content\/uploads\/2022\/03\/1800x1200-ar-homes.jpg&quot;);--awb-background-size:cover;--awb-flex-wrap:wrap;\" ><div class=\"fusion-builder-row fusion-row fusion-flex-align-items-flex-start fusion-flex-align-content-center fusion-flex-justify-content-center fusion-flex-content-wrap\" style=\"width:104% !important;max-width:104% !important;margin-left: calc(-4% \/ 2 );margin-right: calc(-4% \/ 2 );\"><div class=\"fusion-layout-column fusion_builder_column fusion-builder-column-0 fusion_builder_column_1_1 1_1 fusion-flex-column\" style=\"--awb-padding-right:6%;--awb-padding-left:6%;--awb-bg-size:cover;--awb-width-large:100%;--awb-margin-top-large:25px;--awb-spacing-right-large:1.92%;--awb-margin-bottom-large:25px;--awb-spacing-left-large:1.92%;--awb-width-medium:100%;--awb-order-medium:0;--awb-spacing-right-medium:1.92%;--awb-spacing-left-medium:1.92%;--awb-width-small:100%;--awb-order-small:0;--awb-spacing-right-small:1.92%;--awb-spacing-left-small:1.92%;\"><div class=\"fusion-column-wrapper fusion-column-has-shadow fusion-flex-justify-content-flex-start fusion-content-layout-column\"><div class=\"fusion-title title fusion-title-1 fusion-no-small-visibility fusion-sep-none fusion-title-center fusion-title-text fusion-title-size-one\" style=\"--awb-text-color:#ffffff;\"><h1 class=\"fusion-title-heading title-heading-center fusion-responsive-typography-calculated\" style=\"margin:0;text-transform:uppercase;--fontSize:50;line-height:1.2;\"><span style=\"text-shadow: 2px 2px 4px #000000;\">Atsl\u0113gas l\u012bgums vai renov\u0101cija<\/span><\/h1><\/div><div class=\"fusion-title title fusion-title-2 fusion-no-medium-visibility fusion-no-large-visibility fusion-sep-none fusion-title-center fusion-title-text fusion-title-size-one\" style=\"--awb-text-color:#ffffff;--awb-font-size:38px;\"><h1 class=\"fusion-title-heading title-heading-center fusion-responsive-typography-calculated\" style=\"margin:0;text-transform:uppercase;font-size:1em;--fontSize:38;line-height:1.2;\"><span style=\"text-shadow: 2px 2px 4px #000000;\">Atsl\u0113gas l\u012bgums vai renov\u0101cija<\/span><\/h1><\/div><div class=\"fusion-separator\" style=\"align-self: center;margin-left: auto;margin-right: auto;margin-top:20px;margin-bottom:40px;width:100%;max-width:30%;\"><div class=\"fusion-separator-border sep-single sep-solid\" style=\"--awb-height:20px;--awb-amount:20px;--awb-sep-color:#ffffff;border-color:#ffffff;border-top-width:1px;\"><\/div><\/div><div class=\"fusion-title title fusion-title-3 fusion-sep-none fusion-title-center fusion-title-text fusion-title-size-three\" style=\"--awb-text-color:#ffffff;\"><h3 class=\"fusion-title-heading title-heading-center fusion-responsive-typography-calculated\" style=\"margin:0;letter-spacing:1.3px;--fontSize:32;line-height:1.32;\"><span style=\"text-shadow: 2px 2px 4px #000000;\">Labv\u0113l\u012bgi apst\u0101k\u013ci<\/span><\/h3><\/div><\/div><\/div><\/div><\/div><div class=\"fusion-fullwidth fullwidth-box fusion-builder-row-2 fusion-flex-container nonhundred-percent-fullwidth non-hundred-percent-height-scrolling\" style=\"--awb-border-sizes-top:0px;--awb-border-sizes-bottom:0px;--awb-border-sizes-left:0px;--awb-border-sizes-right:0px;--awb-border-radius-top-left:0px;--awb-border-radius-top-right:0px;--awb-border-radius-bottom-right:0px;--awb-border-radius-bottom-left:0px;--awb-padding-top:6%;--awb-padding-bottom-medium:10px;--awb-padding-right-small:4%;--awb-padding-left-small:4%;--awb-margin-bottom:0px;--awb-flex-wrap:wrap;\" ><div class=\"fusion-builder-row fusion-row fusion-flex-align-items-flex-start fusion-flex-justify-content-center fusion-flex-content-wrap\" style=\"max-width:1320.8px;margin-left: calc(-4% \/ 2 );margin-right: calc(-4% \/ 2 );\"><div class=\"fusion-layout-column fusion_builder_column fusion-builder-column-1 fusion_builder_column_1_1 1_1 fusion-flex-column fusion-animated\" style=\"--awb-bg-size:cover;--awb-width-large:100%;--awb-margin-top-large:0px;--awb-spacing-right-large:1.92%;--awb-margin-bottom-large:0px;--awb-spacing-left-large:1.92%;--awb-width-medium:100%;--awb-order-medium:0;--awb-spacing-right-medium:1.92%;--awb-spacing-left-medium:1.92%;--awb-width-small:100%;--awb-order-small:0;--awb-spacing-right-small:1.92%;--awb-spacing-left-small:1.92%;\" data-animationType=\"fadeIn\" data-animationDuration=\"1.0\" data-animationOffset=\"top-into-view\"><div class=\"fusion-column-wrapper fusion-column-has-shadow fusion-flex-justify-content-center fusion-content-layout-column\"><div class=\"fusion-title title fusion-title-4 fusion-sep-none fusion-title-center fusion-title-text fusion-title-size-three\"><h3 class=\"fusion-title-heading title-heading-center fusion-responsive-typography-calculated\" style=\"margin:0;--fontSize:32;line-height:1.32;\">No skices l\u012bdz gatavam produktam<\/h3><\/div><div class=\"fusion-title title fusion-title-5 fusion-sep-none fusion-title-center fusion-title-text fusion-title-size-two\"><h2 class=\"fusion-title-heading title-heading-center fusion-responsive-typography-calculated\" style=\"margin:0;text-transform:uppercase;--fontSize:38;line-height:1.26;\">J\u016bs sap\u0146ojat, m\u0113s \u012bstenojam<\/h2><\/div><div class=\"fusion-separator fusion-full-width-sep\" style=\"align-self: center;margin-left: auto;margin-right: auto;margin-top:40px;width:100%;\"><\/div><div class=\"fusion-text fusion-text-1\" style=\"--awb-text-transform:none;\"><p style=\"text-align: center;\">AR Homes AB veic visus ar nekustamo \u012bpa\u0161umu saist\u012btos darbus &#8211; renov\u0101ciju, jaunb\u016bvi, pieb\u016bvi, interjeru un zemes darbus. Regul\u0101ri veicam ar\u012b d\u0101rza un baseinu uztur\u0113\u0161anas darbus. Un, protams, m\u0113s g\u0101d\u0101jam, lai j\u016bsu sapnis k\u013c\u016btu par realit\u0101ti. M\u0113s esam gatavs b\u016bvuz\u0146\u0113m\u0113js, t\u0101p\u0113c j\u016bs varat m\u016bs nol\u012bgt no s\u0101kuma l\u012bdz beig\u0101m vai ar\u012b tikai atsevi\u0161\u0137\u0101m projekta da\u013c\u0101m. Da\u017ereiz mums ir &#8220;j\u0101iejaucas&#8221; tur, kur citi ir cietu\u0161i neveiksmi. Ta\u010du neuztraucieties, m\u0113s jums pal\u012bdz\u0113sim un r\u016bp\u012bgi p\u0101rskat\u012bsim j\u016bsu projektu un bud\u017eetu pirms t\u0101 uzs\u0101k\u0161anas, lai izvair\u012btos no neparedz\u0113tiem notikumiem un izmaks\u0101m.<\/p>\n<p style=\"text-align: center;\">M\u0113s iev\u0113rojam bud\u017eetu un grafiku, pied\u0101v\u0101jam alternat\u012bvu par pie\u0146emamu cenu un nodro\u0161in\u0101m, ka pirms darbu uzs\u0101k\u0161anas tiek nodro\u0161in\u0101ti labas darba vides apst\u0101k\u013ci un ka tos iev\u0113ro b\u016bvlaukum\u0101 str\u0101d\u0101jo\u0161ie.<\/p>\n<\/div><div class=\"fusion-separator fusion-full-width-sep\" style=\"align-self: center;margin-left: auto;margin-right: auto;margin-top:40px;width:100%;\"><\/div><\/div><\/div><\/div><\/div><div class=\"fusion-fullwidth fullwidth-box fusion-builder-row-3 fusion-flex-container hundred-percent-fullwidth non-hundred-percent-height-scrolling fusion-no-large-visibility\" style=\"--awb-border-radius-top-left:0px;--awb-border-radius-top-right:0px;--awb-border-radius-bottom-right:0px;--awb-border-radius-bottom-left:0px;--awb-padding-top:0px;--awb-padding-right:4%;--awb-padding-left:4%;--awb-margin-top:0px;--awb-flex-wrap:wrap;\" ><div class=\"fusion-builder-row fusion-row fusion-flex-align-items-flex-start fusion-flex-content-wrap\" style=\"width:104% !important;max-width:104% !important;margin-left: calc(-4% \/ 2 );margin-right: calc(-4% \/ 2 );\"><div class=\"fusion-layout-column fusion_builder_column fusion-builder-column-2 fusion_builder_column_1_1 1_1 fusion-flex-column\" style=\"--awb-bg-size:cover;--awb-width-large:100%;--awb-margin-top-large:0px;--awb-spacing-right-large:0px;--awb-margin-bottom-large:25px;--awb-spacing-left-large:0px;--awb-width-medium:100%;--awb-order-medium:0;--awb-spacing-right-medium:1.92%;--awb-spacing-left-medium:1.92%;--awb-width-small:100%;--awb-order-small:0;--awb-spacing-right-small:1.92%;--awb-spacing-left-small:1.92%;\"><div class=\"fusion-column-wrapper fusion-column-has-shadow fusion-flex-justify-content-flex-start fusion-content-layout-column\"><div ><a class=\"fusion-button button-flat button-xlarge button-default fusion-button-default button-1 fusion-button-span-yes fusion-button-default-type\" style=\"--button-border-radius-top-left:30px;--button-border-radius-top-right:30px;--button-border-radius-bottom-right:30px;--button-border-radius-bottom-left:30px;\" target=\"_self\" href=\"https:\/\/www.arhomes.se\/lv\/?page_id=5784\"><span class=\"fusion-button-text awb-button__text awb-button__text--default\">M\u016bsu pakalpojumi<\/span><\/a><\/div><div class=\"fusion-separator fusion-full-width-sep\" style=\"align-self: center;margin-left: auto;margin-right: auto;margin-top:20px;width:100%;\"><\/div><div ><a class=\"fusion-button button-flat button-xlarge button-default fusion-button-default button-2 fusion-button-span-yes fusion-button-default-type\" style=\"--button-border-radius-top-left:30px;--button-border-radius-top-right:30px;--button-border-radius-bottom-right:30px;--button-border-radius-bottom-left:30px;\" target=\"_self\" href=\"https:\/\/www.arhomes.se\/lv\/?page_id=5732\"><span class=\"fusion-button-text awb-button__text awb-button__text--default\">Galerija<\/span><\/a><\/div><\/div><\/div><\/div><\/div><\/p>\n","protected":false},"excerpt":{"rendered":"","protected":false},"author":1,"featured_media":0,"parent":0,"menu_order":0,"comment_status":"closed","ping_status":"closed","template":"100-width.php","meta":{"footnotes":""},"class_list":["post-5664","page","type-page","status-publish","hentry"],"yoast_head":"<!-- This site is optimized with the Yoast SEO plugin v26.9 - https:\/\/yoast.com\/product\/yoast-seo-wordpress\/ -->\n<title>AR Homes Stokholma renov\u0113 m\u0101jas<\/title>\n<meta name=\"description\" content=\"AR Homes Stokholma renov\u0113, b\u016bv\u0113 interjerus, b\u016bv\u0113 jaunas m\u0101jas un renov\u0113 jumtus. M\u0113s str\u0101d\u0101jam ar priv\u0101tperson\u0101m un uz\u0146\u0113mumiem.\" \/>\n<meta name=\"robots\" content=\"index, follow, max-snippet:-1, max-image-preview:large, max-video-preview:-1\" \/>\n<link rel=\"canonical\" href=\"https:\/\/www.arhomes.se\/lv\/\" \/>\n<meta property=\"og:locale\" content=\"lv_LV\" \/>\n<meta property=\"og:type\" content=\"article\" \/>\n<meta property=\"og:title\" content=\"AR Homes Stokholma renov\u0113 m\u0101jas\" \/>\n<meta property=\"og:description\" content=\"AR Homes Stokholma renov\u0113, b\u016bv\u0113 interjerus, b\u016bv\u0113 jaunas m\u0101jas un renov\u0113 jumtus. M\u0113s str\u0101d\u0101jam ar priv\u0101tperson\u0101m un uz\u0146\u0113mumiem.\" \/>\n<meta property=\"og:url\" content=\"https:\/\/www.arhomes.se\/lv\/\" \/>\n<meta property=\"og:site_name\" content=\"AR Homes\" \/>\n<meta property=\"article:modified_time\" content=\"2024-05-22T08:24:37+00:00\" \/>\n<meta name=\"twitter:card\" content=\"summary_large_image\" \/>\n<meta name=\"twitter:label1\" content=\"Est. reading time\" \/>\n\t<meta name=\"twitter:data1\" content=\"17 minutes\" \/>\n<script type=\"application\/ld+json\" class=\"yoast-schema-graph\">{\"@context\":\"https:\/\/schema.org\",\"@graph\":[{\"@type\":\"WebPage\",\"@id\":\"https:\/\/www.arhomes.se\/lv\/\",\"url\":\"https:\/\/www.arhomes.se\/lv\/\",\"name\":\"AR Homes Stokholma renov\u0113 m\u0101jas\",\"isPartOf\":{\"@id\":\"https:\/\/www.arhomes.se\/lv\/#website\"},\"datePublished\":\"2020-01-06T13:15:05+00:00\",\"dateModified\":\"2024-05-22T08:24:37+00:00\",\"description\":\"AR Homes Stokholma renov\u0113, b\u016bv\u0113 interjerus, b\u016bv\u0113 jaunas m\u0101jas un renov\u0113 jumtus. M\u0113s str\u0101d\u0101jam ar priv\u0101tperson\u0101m un uz\u0146\u0113mumiem.\",\"breadcrumb\":{\"@id\":\"https:\/\/www.arhomes.se\/lv\/#breadcrumb\"},\"inLanguage\":\"lv-LV\",\"potentialAction\":[{\"@type\":\"ReadAction\",\"target\":[\"https:\/\/www.arhomes.se\/lv\/\"]}]},{\"@type\":\"BreadcrumbList\",\"@id\":\"https:\/\/www.arhomes.se\/lv\/#breadcrumb\",\"itemListElement\":[{\"@type\":\"ListItem\",\"position\":1,\"name\":\"Hem\",\"item\":\"https:\/\/www.arhomes.se\/lv\/?page_id=5664\"},{\"@type\":\"ListItem\",\"position\":2,\"name\":\"S\u0101kums\"}]},{\"@type\":\"WebSite\",\"@id\":\"https:\/\/www.arhomes.se\/lv\/#website\",\"url\":\"https:\/\/www.arhomes.se\/lv\/\",\"name\":\"AR Homes\",\"description\":\"Renoveringar, nybyggnation och platsbyggd inredning\",\"publisher\":{\"@id\":\"https:\/\/www.arhomes.se\/lv\/#organization\"},\"potentialAction\":[{\"@type\":\"SearchAction\",\"target\":{\"@type\":\"EntryPoint\",\"urlTemplate\":\"https:\/\/www.arhomes.se\/lv\/?s={search_term_string}\"},\"query-input\":{\"@type\":\"PropertyValueSpecification\",\"valueRequired\":true,\"valueName\":\"search_term_string\"}}],\"inLanguage\":\"lv-LV\"},{\"@type\":\"Organization\",\"@id\":\"https:\/\/www.arhomes.se\/lv\/#organization\",\"name\":\"Louben Stockholm AB\",\"url\":\"https:\/\/www.arhomes.se\/lv\/\",\"logo\":{\"@type\":\"ImageObject\",\"inLanguage\":\"lv-LV\",\"@id\":\"https:\/\/www.arhomes.se\/lv\/#\/schema\/logo\/image\/\",\"url\":\"\",\"contentUrl\":\"\",\"caption\":\"Louben Stockholm AB\"},\"image\":{\"@id\":\"https:\/\/www.arhomes.se\/lv\/#\/schema\/logo\/image\/\"}}]}<\/script>\n<!-- \/ Yoast SEO plugin. -->","yoast_head_json":{"title":"AR Homes Stokholma renov\u0113 m\u0101jas","description":"AR Homes Stokholma renov\u0113, b\u016bv\u0113 interjerus, b\u016bv\u0113 jaunas m\u0101jas un renov\u0113 jumtus. M\u0113s str\u0101d\u0101jam ar priv\u0101tperson\u0101m un uz\u0146\u0113mumiem.","robots":{"index":"index","follow":"follow","max-snippet":"max-snippet:-1","max-image-preview":"max-image-preview:large","max-video-preview":"max-video-preview:-1"},"canonical":"https:\/\/www.arhomes.se\/lv\/","og_locale":"lv_LV","og_type":"article","og_title":"AR Homes Stokholma renov\u0113 m\u0101jas","og_description":"AR Homes Stokholma renov\u0113, b\u016bv\u0113 interjerus, b\u016bv\u0113 jaunas m\u0101jas un renov\u0113 jumtus. M\u0113s str\u0101d\u0101jam ar priv\u0101tperson\u0101m un uz\u0146\u0113mumiem.","og_url":"https:\/\/www.arhomes.se\/lv\/","og_site_name":"AR Homes","article_modified_time":"2024-05-22T08:24:37+00:00","twitter_card":"summary_large_image","twitter_misc":{"Est. reading time":"17 minutes"},"schema":{"@context":"https:\/\/schema.org","@graph":[{"@type":"WebPage","@id":"https:\/\/www.arhomes.se\/lv\/","url":"https:\/\/www.arhomes.se\/lv\/","name":"AR Homes Stokholma renov\u0113 m\u0101jas","isPartOf":{"@id":"https:\/\/www.arhomes.se\/lv\/#website"},"datePublished":"2020-01-06T13:15:05+00:00","dateModified":"2024-05-22T08:24:37+00:00","description":"AR Homes Stokholma renov\u0113, b\u016bv\u0113 interjerus, b\u016bv\u0113 jaunas m\u0101jas un renov\u0113 jumtus. M\u0113s str\u0101d\u0101jam ar priv\u0101tperson\u0101m un uz\u0146\u0113mumiem.","breadcrumb":{"@id":"https:\/\/www.arhomes.se\/lv\/#breadcrumb"},"inLanguage":"lv-LV","potentialAction":[{"@type":"ReadAction","target":["https:\/\/www.arhomes.se\/lv\/"]}]},{"@type":"BreadcrumbList","@id":"https:\/\/www.arhomes.se\/lv\/#breadcrumb","itemListElement":[{"@type":"ListItem","position":1,"name":"Hem","item":"https:\/\/www.arhomes.se\/lv\/?page_id=5664"},{"@type":"ListItem","position":2,"name":"S\u0101kums"}]},{"@type":"WebSite","@id":"https:\/\/www.arhomes.se\/lv\/#website","url":"https:\/\/www.arhomes.se\/lv\/","name":"AR Homes","description":"Renoveringar, nybyggnation och platsbyggd inredning","publisher":{"@id":"https:\/\/www.arhomes.se\/lv\/#organization"},"potentialAction":[{"@type":"SearchAction","target":{"@type":"EntryPoint","urlTemplate":"https:\/\/www.arhomes.se\/lv\/?s={search_term_string}"},"query-input":{"@type":"PropertyValueSpecification","valueRequired":true,"valueName":"search_term_string"}}],"inLanguage":"lv-LV"},{"@type":"Organization","@id":"https:\/\/www.arhomes.se\/lv\/#organization","name":"Louben Stockholm AB","url":"https:\/\/www.arhomes.se\/lv\/","logo":{"@type":"ImageObject","inLanguage":"lv-LV","@id":"https:\/\/www.arhomes.se\/lv\/#\/schema\/logo\/image\/","url":"","contentUrl":"","caption":"Louben Stockholm AB"},"image":{"@id":"https:\/\/www.arhomes.se\/lv\/#\/schema\/logo\/image\/"}}]}},"_links":{"self":[{"href":"https:\/\/www.arhomes.se\/lv\/wp-json\/wp\/v2\/pages\/5664","targetHints":{"allow":["GET"]}}],"collection":[{"href":"https:\/\/www.arhomes.se\/lv\/wp-json\/wp\/v2\/pages"}],"about":[{"href":"https:\/\/www.arhomes.se\/lv\/wp-json\/wp\/v2\/types\/page"}],"author":[{"embeddable":true,"href":"https:\/\/www.arhomes.se\/lv\/wp-json\/wp\/v2\/users\/1"}],"replies":[{"embeddable":true,"href":"https:\/\/www.arhomes.se\/lv\/wp-json\/wp\/v2\/comments?post=5664"}],"version-history":[{"count":22,"href":"https:\/\/www.arhomes.se\/lv\/wp-json\/wp\/v2\/pages\/5664\/revisions"}],"predecessor-version":[{"id":6319,"href":"https:\/\/www.arhomes.se\/lv\/wp-json\/wp\/v2\/pages\/5664\/revisions\/6319"}],"wp:attachment":[{"href":"https:\/\/www.arhomes.se\/lv\/wp-json\/wp\/v2\/media?parent=5664"}],"curies":[{"name":"wp","href":"https:\/\/api.w.org\/{rel}","templated":true}]}}